{"id":55217,"date":"2023-01-10T14:17:16","date_gmt":"2023-01-10T13:17:16","guid":{"rendered":"https:\/\/blog.lastsword.com\/?page_id=55217"},"modified":"2023-01-10T14:39:44","modified_gmt":"2023-01-10T13:39:44","slug":"lastsword-origins","status":"publish","type":"page","link":"https:\/\/blog.lastsword.com\/es\/lastsword-origins\/","title":{"rendered":"Lastsword Origins"},"content":{"rendered":"\t\t<div data-elementor-type=\"wp-page\" data-elementor-id=\"55217\" class=\"elementor elementor-55217\" data-elementor-post-type=\"page\">\n\t\t\t\t\t\t<section class=\"elementor-section elementor-top-section elementor-element elementor-element-b443b8f elementor-section-boxed elementor-section-height-default elementor-section-height-default\" data-id=\"b443b8f\" data-element_type=\"section\">\n\t\t\t\t\t\t<div class=\"elementor-container elementor-column-gap-default\">\n\t\t\t\t\t<div class=\"elementor-column elementor-col-100 elementor-top-column elementor-element elementor-element-50f287e\" data-id=\"50f287e\" data-element_type=\"column\">\n\t\t\t<div class=\"elementor-widget-wrap elementor-element-populated\">\n\t\t\t\t\t\t<div class=\"elementor-element elementor-element-67f249e elementor-grid-3 elementor-grid-tablet-2 elementor-grid-mobile-1 elementor-posts--thumbnail-top elementor-posts--show-avatar elementor-card-shadow-yes elementor-posts__hover-gradient elementor-widget elementor-widget-posts\" data-id=\"67f249e\" data-element_type=\"widget\" data-settings=\"{&quot;cards_columns&quot;:&quot;3&quot;,&quot;cards_columns_tablet&quot;:&quot;2&quot;,&quot;cards_columns_mobile&quot;:&quot;1&quot;,&quot;cards_row_gap&quot;:{&quot;unit&quot;:&quot;px&quot;,&quot;size&quot;:35,&quot;sizes&quot;:[]},&quot;cards_row_gap_tablet&quot;:{&quot;unit&quot;:&quot;px&quot;,&quot;size&quot;:&quot;&quot;,&quot;sizes&quot;:[]},&quot;cards_row_gap_mobile&quot;:{&quot;unit&quot;:&quot;px&quot;,&quot;size&quot;:&quot;&quot;,&quot;sizes&quot;:[]}}\" data-widget_type=\"posts.cards\">\n\t\t\t\t<div class=\"elementor-widget-container\">\n\t\t\t<link rel=\"stylesheet\" href=\"https:\/\/blog.lastsword.com\/wp-content\/plugins\/elementor-pro\/assets\/css\/widget-posts.min.css\">\t\t<div class=\"elementor-posts-container elementor-posts elementor-posts--skin-cards elementor-grid\">\n\t\t\t\t<article class=\"elementor-post elementor-grid-item post-12314 post type-post status-publish format-standard has-post-thumbnail hentry category-blog-origins-scenery category-uncategorized tag-tutorial\">\n\t\t\t<div class=\"elementor-post__card\">\n\t\t\t\t<a class=\"elementor-post__thumbnail__link\" href=\"https:\/\/blog.lastsword.com\/es\/casa-ruinas-pintada-mordheim\/\" tabindex=\"-1\" ><div class=\"elementor-post__thumbnail\"><img fetchpriority=\"high\" decoding=\"async\" width=\"1030\" height=\"441\" src=\"https:\/\/blog.lastsword.com\/wp-content\/uploads\/2016\/12\/Cover-Edificio-Mordheim-House-Ruina-Casa-ruined-Warhammer-Building-03-1030x441.jpg\" class=\"attachment-large size-large wp-image-12326\" alt=\"\" srcset=\"https:\/\/blog.lastsword.com\/wp-content\/uploads\/2016\/12\/Cover-Edificio-Mordheim-House-Ruina-Casa-ruined-Warhammer-Building-03-120x51.jpg 120w, https:\/\/blog.lastsword.com\/wp-content\/uploads\/2016\/12\/Cover-Edificio-Mordheim-House-Ruina-Casa-ruined-Warhammer-Building-03-200x86.jpg 200w, https:\/\/blog.lastsword.com\/wp-content\/uploads\/2016\/12\/Cover-Edificio-Mordheim-House-Ruina-Casa-ruined-Warhammer-Building-03-300x129.jpg 300w, https:\/\/blog.lastsword.com\/wp-content\/uploads\/2016\/12\/Cover-Edificio-Mordheim-House-Ruina-Casa-ruined-Warhammer-Building-03-400x171.jpg 400w, https:\/\/blog.lastsword.com\/wp-content\/uploads\/2016\/12\/Cover-Edificio-Mordheim-House-Ruina-Casa-ruined-Warhammer-Building-03-500x214.jpg 500w, https:\/\/blog.lastsword.com\/wp-content\/uploads\/2016\/12\/Cover-Edificio-Mordheim-House-Ruina-Casa-ruined-Warhammer-Building-03-600x257.jpg 600w, https:\/\/blog.lastsword.com\/wp-content\/uploads\/2016\/12\/Cover-Edificio-Mordheim-House-Ruina-Casa-ruined-Warhammer-Building-03-768x329.jpg 768w, https:\/\/blog.lastsword.com\/wp-content\/uploads\/2016\/12\/Cover-Edificio-Mordheim-House-Ruina-Casa-ruined-Warhammer-Building-03-800x343.jpg 800w, https:\/\/blog.lastsword.com\/wp-content\/uploads\/2016\/12\/Cover-Edificio-Mordheim-House-Ruina-Casa-ruined-Warhammer-Building-03-1030x441.jpg 1030w, https:\/\/blog.lastsword.com\/wp-content\/uploads\/2016\/12\/Cover-Edificio-Mordheim-House-Ruina-Casa-ruined-Warhammer-Building-03.jpg 1200w\" sizes=\"(max-width: 1030px) 100vw, 1030px\" \/><\/div><\/a>\n\t\t\t\t<div class=\"elementor-post__badge\">Scenery<\/div>\n\t\t\t\t<div class=\"elementor-post__avatar\">\n\t\t\t<img alt='oscar lopez' src='https:\/\/secure.gravatar.com\/avatar\/ad516503a11cd5ca435acc9bb6523536?s=150&#038;d=mm&#038;r=gforcedefault=1' srcset='https:\/\/secure.gravatar.com\/avatar\/ad516503a11cd5ca435acc9bb6523536?s=150&#038;d=mm&#038;r=gforcedefault=1 2x' class='avatar avatar-128 photo' height='128' width='128' \/>\t\t<\/div>\n\t\t\t\t<div class=\"elementor-post__text\">\n\t\t\t\t<h3 class=\"elementor-post__title\">\n\t\t\t<a href=\"https:\/\/blog.lastsword.com\/es\/casa-ruinas-pintada-mordheim\/\" >\n\t\t\t\tCasa en ruinas Pintada\t\t\t<\/a>\n\t\t<\/h3>\n\t\t\t\t<div class=\"elementor-post__excerpt\">\n\t\t\t<p>La escenograf\u00eda pintada puede quedar estupenda sobre un tablero de Warhammer fantasy, Mordheim (Empire in flames), Frostgrave, etc.\u00a0Dep\u00faes de haber estado trabajando tanto tiempo en nuestra casa en ruinas, ya por fin obtenemos la recompensa de verla pintada.<\/p>\n\t\t<\/div>\n\t\t\n\t\t<a class=\"elementor-post__read-more\" href=\"https:\/\/blog.lastsword.com\/es\/casa-ruinas-pintada-mordheim\/\" aria-label=\"M\u00e1s informaci\u00f3n sobre Casa en ruinas Pintada\" tabindex=\"-1\" >\n\t\t\tLeer m\u00e1s \u00bb\t\t<\/a>\n\n\t\t\t\t<\/div>\n\t\t\t\t<div class=\"elementor-post__meta-data\">\n\t\t\t\t\t<span class=\"elementor-post-date\">\n\t\t\tdiciembre 7, 2016\t\t<\/span>\n\t\t\t\t<span class=\"elementor-post-avatar\">\n\t\t\t2 comentarios\t\t<\/span>\n\t\t\t\t<\/div>\n\t\t\t\t\t<\/div>\n\t\t<\/article>\n\t\t\t\t<article class=\"elementor-post elementor-grid-item post-11308 post type-post status-publish format-standard has-post-thumbnail hentry category-blog-origenes-escenografia category-uncategorized tag-tutorial-es\">\n\t\t\t<div class=\"elementor-post__card\">\n\t\t\t\t<a class=\"elementor-post__thumbnail__link\" href=\"https:\/\/blog.lastsword.com\/es\/escenografia-huerto-frutal-warhammer\/\" tabindex=\"-1\" ><div class=\"elementor-post__thumbnail\"><img decoding=\"async\" width=\"1030\" height=\"441\" src=\"https:\/\/blog.lastsword.com\/wp-content\/uploads\/2016\/12\/Portada-Escenografia-huerto-orchard-warhammer-fantasy-03-1030x441.jpg\" class=\"attachment-large size-large wp-image-11169\" alt=\"\" srcset=\"https:\/\/blog.lastsword.com\/wp-content\/uploads\/2016\/12\/Portada-Escenografia-huerto-orchard-warhammer-fantasy-03-300x129.jpg 300w, https:\/\/blog.lastsword.com\/wp-content\/uploads\/2016\/12\/Portada-Escenografia-huerto-orchard-warhammer-fantasy-03-1030x441.jpg 1030w, https:\/\/blog.lastsword.com\/wp-content\/uploads\/2016\/12\/Portada-Escenografia-huerto-orchard-warhammer-fantasy-03.jpg 1200w\" sizes=\"(max-width: 1030px) 100vw, 1030px\" \/><\/div><\/a>\n\t\t\t\t<div class=\"elementor-post__badge\">Escenografia<\/div>\n\t\t\t\t<div class=\"elementor-post__avatar\">\n\t\t\t<img alt='Comi Mec' src='https:\/\/secure.gravatar.com\/avatar\/ad516503a11cd5ca435acc9bb6523536?s=150&#038;d=mm&#038;r=gforcedefault=1' srcset='https:\/\/secure.gravatar.com\/avatar\/ad516503a11cd5ca435acc9bb6523536?s=150&#038;d=mm&#038;r=gforcedefault=1 2x' class='avatar avatar-128 photo' height='128' width='128' \/>\t\t<\/div>\n\t\t\t\t<div class=\"elementor-post__text\">\n\t\t\t\t<h3 class=\"elementor-post__title\">\n\t\t\t<a href=\"https:\/\/blog.lastsword.com\/es\/escenografia-huerto-frutal-warhammer\/\" >\n\t\t\t\tEscenograf\u00eda: Huerto Frutal\t\t\t<\/a>\n\t\t<\/h3>\n\t\t\t\t<div class=\"elementor-post__excerpt\">\n\t\t\t<p>La escenograf\u00eda no solo sirve para hacer el juego m\u00e1s interesante una partida a Warhammer Fantasy, si no que tambi\u00e9n nos ayuda a sumergirnos en la atm\u00f3sfera y libera nuestra imaginaci\u00f3n. Hemos hecho un peque\u00f1o huerto con \u00e1rboles frutal para nuestras partidas de Warhammer fantasy, Mordheim (Empire in flames) y 1650 A capa y espada.<\/p>\n\t\t<\/div>\n\t\t\n\t\t<a class=\"elementor-post__read-more\" href=\"https:\/\/blog.lastsword.com\/es\/escenografia-huerto-frutal-warhammer\/\" aria-label=\"M\u00e1s informaci\u00f3n sobre Escenograf\u00eda: Huerto Frutal\" tabindex=\"-1\" >\n\t\t\tLeer m\u00e1s \u00bb\t\t<\/a>\n\n\t\t\t\t<\/div>\n\t\t\t\t<div class=\"elementor-post__meta-data\">\n\t\t\t\t\t<span class=\"elementor-post-date\">\n\t\t\tabril 19, 2016\t\t<\/span>\n\t\t\t\t<span class=\"elementor-post-avatar\">\n\t\t\tNo hay comentarios\t\t<\/span>\n\t\t\t\t<\/div>\n\t\t\t\t\t<\/div>\n\t\t<\/article>\n\t\t\t\t<article class=\"elementor-post elementor-grid-item post-6162 post type-post status-publish format-standard has-post-thumbnail hentry category-blog-origenes-escenografia tag-escenografia-es tag-tutorial-es\">\n\t\t\t<div class=\"elementor-post__card\">\n\t\t\t\t<a class=\"elementor-post__thumbnail__link\" href=\"https:\/\/blog.lastsword.com\/es\/cofres-warhammer-masilla-terminados\/\" tabindex=\"-1\" ><div class=\"elementor-post__thumbnail\"><img decoding=\"async\" width=\"600\" height=\"257\" src=\"https:\/\/blog.lastsword.com\/wp-content\/uploads\/2014\/12\/Portada-Chest-Box-Caja-Cofre-Warhammer-Scenery-Wargaming.jpg\" class=\"attachment-large size-large wp-image-6479\" alt=\"\" srcset=\"https:\/\/blog.lastsword.com\/wp-content\/uploads\/2014\/12\/Portada-Chest-Box-Caja-Cofre-Warhammer-Scenery-Wargaming-120x51.jpg 120w, https:\/\/blog.lastsword.com\/wp-content\/uploads\/2014\/12\/Portada-Chest-Box-Caja-Cofre-Warhammer-Scenery-Wargaming-300x128.jpg 300w, https:\/\/blog.lastsword.com\/wp-content\/uploads\/2014\/12\/Portada-Chest-Box-Caja-Cofre-Warhammer-Scenery-Wargaming-500x214.jpg 500w, https:\/\/blog.lastsword.com\/wp-content\/uploads\/2014\/12\/Portada-Chest-Box-Caja-Cofre-Warhammer-Scenery-Wargaming.jpg 600w\" sizes=\"(max-width: 600px) 100vw, 600px\" \/><\/div><\/a>\n\t\t\t\t<div class=\"elementor-post__badge\">Escenografia<\/div>\n\t\t\t\t<div class=\"elementor-post__avatar\">\n\t\t\t<img alt='Comi Mec' src='https:\/\/secure.gravatar.com\/avatar\/ad516503a11cd5ca435acc9bb6523536?s=150&#038;d=mm&#038;r=gforcedefault=1' srcset='https:\/\/secure.gravatar.com\/avatar\/ad516503a11cd5ca435acc9bb6523536?s=150&#038;d=mm&#038;r=gforcedefault=1 2x' class='avatar avatar-128 photo' height='128' width='128' \/>\t\t<\/div>\n\t\t\t\t<div class=\"elementor-post__text\">\n\t\t\t\t<h3 class=\"elementor-post__title\">\n\t\t\t<a href=\"https:\/\/blog.lastsword.com\/es\/cofres-warhammer-masilla-terminados\/\" >\n\t\t\t\tEscenograf\u00eda: Cofres II\t\t\t<\/a>\n\t\t<\/h3>\n\t\t\t\t<div class=\"elementor-post__excerpt\">\n\t\t\t<p>Nuestros \u00a0cofres\u00a0ya est\u00e1n casi terminados.<\/p>\n\t\t<\/div>\n\t\t\n\t\t<a class=\"elementor-post__read-more\" href=\"https:\/\/blog.lastsword.com\/es\/cofres-warhammer-masilla-terminados\/\" aria-label=\"M\u00e1s informaci\u00f3n sobre Escenograf\u00eda: Cofres II\" tabindex=\"-1\" >\n\t\t\tLeer m\u00e1s \u00bb\t\t<\/a>\n\n\t\t\t\t<\/div>\n\t\t\t\t<div class=\"elementor-post__meta-data\">\n\t\t\t\t\t<span class=\"elementor-post-date\">\n\t\t\tdiciembre 17, 2014\t\t<\/span>\n\t\t\t\t<span class=\"elementor-post-avatar\">\n\t\t\tNo hay comentarios\t\t<\/span>\n\t\t\t\t<\/div>\n\t\t\t\t\t<\/div>\n\t\t<\/article>\n\t\t\t\t<article class=\"elementor-post elementor-grid-item post-6168 post type-post status-publish format-standard has-post-thumbnail hentry category-blog-origenes-escenografia tag-escenografia-es tag-tutorial-es\">\n\t\t\t<div class=\"elementor-post__card\">\n\t\t\t\t<a class=\"elementor-post__thumbnail__link\" href=\"https:\/\/blog.lastsword.com\/es\/cofres-warhammer-masilla\/\" tabindex=\"-1\" ><div class=\"elementor-post__thumbnail\"><img loading=\"lazy\" decoding=\"async\" width=\"600\" height=\"257\" src=\"https:\/\/blog.lastsword.com\/wp-content\/uploads\/2014\/11\/Portada-Caja-Cofre-Chest-Box-Warhammer-Scenery-Wargaming.jpg\" class=\"attachment-large size-large wp-image-6561\" alt=\"\" srcset=\"https:\/\/blog.lastsword.com\/wp-content\/uploads\/2014\/11\/Portada-Caja-Cofre-Chest-Box-Warhammer-Scenery-Wargaming-120x51.jpg 120w, https:\/\/blog.lastsword.com\/wp-content\/uploads\/2014\/11\/Portada-Caja-Cofre-Chest-Box-Warhammer-Scenery-Wargaming-300x128.jpg 300w, https:\/\/blog.lastsword.com\/wp-content\/uploads\/2014\/11\/Portada-Caja-Cofre-Chest-Box-Warhammer-Scenery-Wargaming-500x214.jpg 500w, https:\/\/blog.lastsword.com\/wp-content\/uploads\/2014\/11\/Portada-Caja-Cofre-Chest-Box-Warhammer-Scenery-Wargaming.jpg 600w\" sizes=\"(max-width: 600px) 100vw, 600px\" \/><\/div><\/a>\n\t\t\t\t<div class=\"elementor-post__badge\">Escenografia<\/div>\n\t\t\t\t<div class=\"elementor-post__avatar\">\n\t\t\t<img alt='Comi Mec' src='https:\/\/secure.gravatar.com\/avatar\/ad516503a11cd5ca435acc9bb6523536?s=150&#038;d=mm&#038;r=gforcedefault=1' srcset='https:\/\/secure.gravatar.com\/avatar\/ad516503a11cd5ca435acc9bb6523536?s=150&#038;d=mm&#038;r=gforcedefault=1 2x' class='avatar avatar-128 photo' height='128' width='128' \/>\t\t<\/div>\n\t\t\t\t<div class=\"elementor-post__text\">\n\t\t\t\t<h3 class=\"elementor-post__title\">\n\t\t\t<a href=\"https:\/\/blog.lastsword.com\/es\/cofres-warhammer-masilla\/\" >\n\t\t\t\tEscenograf\u00eda: Cofres de Madera\t\t\t<\/a>\n\t\t<\/h3>\n\t\t\t\t<div class=\"elementor-post__excerpt\">\n\t\t\t<p>\u00a0 \u00a1Los cofres son algo que todo ej\u00e9rcito lleva consigo tras la victoria! Continuamos trabajando en los peque\u00f1os elementos que nos permite incorporar detalles y matices a nuestras partidas de Warhammer, Mordheim y \u00a01650 A Capa y Espada. Esta vez hemos hecho unos peque\u00f1os cofres. Lo cierto es que la idea es poder contar con varios de estos y usarlos de atrezo en nuestras partidas. Hemos usado dos t\u00e9cnicas distintas, pero se asemejan bastante. En un primer lugar cortamos las distintas piezas de masilla SuperSculpey Firm que \u00edbamos a<\/p>\n\t\t<\/div>\n\t\t\n\t\t<a class=\"elementor-post__read-more\" href=\"https:\/\/blog.lastsword.com\/es\/cofres-warhammer-masilla\/\" aria-label=\"M\u00e1s informaci\u00f3n sobre Escenograf\u00eda: Cofres de Madera\" tabindex=\"-1\" >\n\t\t\tLeer m\u00e1s \u00bb\t\t<\/a>\n\n\t\t\t\t<\/div>\n\t\t\t\t<div class=\"elementor-post__meta-data\">\n\t\t\t\t\t<span class=\"elementor-post-date\">\n\t\t\tnoviembre 19, 2014\t\t<\/span>\n\t\t\t\t<span class=\"elementor-post-avatar\">\n\t\t\tNo hay comentarios\t\t<\/span>\n\t\t\t\t<\/div>\n\t\t\t\t\t<\/div>\n\t\t<\/article>\n\t\t\t\t<\/div>\n\t\t\n\t\t\t\t<\/div>\n\t\t\t\t<\/div>\n\t\t\t\t\t<\/div>\n\t\t<\/div>\n\t\t\t\t\t<\/div>\n\t\t<\/section>\n\t\t\t\t<\/div>\n\t\t","protected":false},"excerpt":{"rendered":"","protected":false},"author":1,"featured_media":0,"parent":0,"menu_order":0,"comment_status":"closed","ping_status":"closed","template":"","meta":{"footnotes":""},"yoast_head":"<!-- This site is optimized with the Yoast SEO plugin v22.0 - https:\/\/yoast.com\/wordpress\/plugins\/seo\/ -->\n<title>Lastsword Origins | LastSword Forge<\/title>\n<meta name=\"robots\" content=\"index, follow, max-snippet:-1, max-image-preview:large, max-video-preview:-1\" \/>\n<link rel=\"canonical\" href=\"https:\/\/blog.lastsword.com\/es\/lastsword-origins\/\" \/>\n<meta property=\"og:locale\" content=\"es_ES\" \/>\n<meta property=\"og:type\" content=\"article\" \/>\n<meta property=\"og:title\" content=\"Lastsword Origins | LastSword Forge\" \/>\n<meta property=\"og:url\" content=\"https:\/\/blog.lastsword.com\/es\/lastsword-origins\/\" \/>\n<meta property=\"og:site_name\" content=\"LastSword Forge\" \/>\n<meta property=\"article:modified_time\" content=\"2023-01-10T13:39:44+00:00\" \/>\n<meta name=\"twitter:card\" content=\"summary_large_image\" \/>\n<script type=\"application\/ld+json\" class=\"yoast-schema-graph\">{\"@context\":\"https:\/\/schema.org\",\"@graph\":[{\"@type\":\"WebPage\",\"@id\":\"https:\/\/blog.lastsword.com\/es\/lastsword-origins\/\",\"url\":\"https:\/\/blog.lastsword.com\/es\/lastsword-origins\/\",\"name\":\"Lastsword Origins | LastSword Forge\",\"isPartOf\":{\"@id\":\"https:\/\/blog.lastsword.com\/es\/#website\"},\"datePublished\":\"2023-01-10T13:17:16+00:00\",\"dateModified\":\"2023-01-10T13:39:44+00:00\",\"breadcrumb\":{\"@id\":\"https:\/\/blog.lastsword.com\/es\/lastsword-origins\/#breadcrumb\"},\"inLanguage\":\"es\",\"potentialAction\":[{\"@type\":\"ReadAction\",\"target\":[\"https:\/\/blog.lastsword.com\/es\/lastsword-origins\/\"]}]},{\"@type\":\"BreadcrumbList\",\"@id\":\"https:\/\/blog.lastsword.com\/es\/lastsword-origins\/#breadcrumb\",\"itemListElement\":[{\"@type\":\"ListItem\",\"position\":1,\"name\":\"Home\",\"item\":\"https:\/\/blog.lastsword.com\/es\/\"},{\"@type\":\"ListItem\",\"position\":2,\"name\":\"Lastsword Origins\"}]},{\"@type\":\"WebSite\",\"@id\":\"https:\/\/blog.lastsword.com\/es\/#website\",\"url\":\"https:\/\/blog.lastsword.com\/es\/\",\"name\":\"LastSword Forge\",\"description\":\"News about Miniatures &amp; Wargames\",\"potentialAction\":[{\"@type\":\"SearchAction\",\"target\":{\"@type\":\"EntryPoint\",\"urlTemplate\":\"https:\/\/blog.lastsword.com\/es\/?s={search_term_string}\"},\"query-input\":\"required name=search_term_string\"}],\"inLanguage\":\"es\"}]}<\/script>\n<!-- \/ Yoast SEO plugin. -->","yoast_head_json":{"title":"Lastsword Origins | LastSword Forge","robots":{"index":"index","follow":"follow","max-snippet":"max-snippet:-1","max-image-preview":"max-image-preview:large","max-video-preview":"max-video-preview:-1"},"canonical":"https:\/\/blog.lastsword.com\/es\/lastsword-origins\/","og_locale":"es_ES","og_type":"article","og_title":"Lastsword Origins | LastSword Forge","og_url":"https:\/\/blog.lastsword.com\/es\/lastsword-origins\/","og_site_name":"LastSword Forge","article_modified_time":"2023-01-10T13:39:44+00:00","twitter_card":"summary_large_image","schema":{"@context":"https:\/\/schema.org","@graph":[{"@type":"WebPage","@id":"https:\/\/blog.lastsword.com\/es\/lastsword-origins\/","url":"https:\/\/blog.lastsword.com\/es\/lastsword-origins\/","name":"Lastsword Origins | LastSword Forge","isPartOf":{"@id":"https:\/\/blog.lastsword.com\/es\/#website"},"datePublished":"2023-01-10T13:17:16+00:00","dateModified":"2023-01-10T13:39:44+00:00","breadcrumb":{"@id":"https:\/\/blog.lastsword.com\/es\/lastsword-origins\/#breadcrumb"},"inLanguage":"es","potentialAction":[{"@type":"ReadAction","target":["https:\/\/blog.lastsword.com\/es\/lastsword-origins\/"]}]},{"@type":"BreadcrumbList","@id":"https:\/\/blog.lastsword.com\/es\/lastsword-origins\/#breadcrumb","itemListElement":[{"@type":"ListItem","position":1,"name":"Home","item":"https:\/\/blog.lastsword.com\/es\/"},{"@type":"ListItem","position":2,"name":"Lastsword Origins"}]},{"@type":"WebSite","@id":"https:\/\/blog.lastsword.com\/es\/#website","url":"https:\/\/blog.lastsword.com\/es\/","name":"LastSword Forge","description":"News about Miniatures &amp; Wargames","potentialAction":[{"@type":"SearchAction","target":{"@type":"EntryPoint","urlTemplate":"https:\/\/blog.lastsword.com\/es\/?s={search_term_string}"},"query-input":"required name=search_term_string"}],"inLanguage":"es"}]}},"_links":{"self":[{"href":"https:\/\/blog.lastsword.com\/es\/wp-json\/wp\/v2\/pages\/55217"}],"collection":[{"href":"https:\/\/blog.lastsword.com\/es\/wp-json\/wp\/v2\/pages"}],"about":[{"href":"https:\/\/blog.lastsword.com\/es\/wp-json\/wp\/v2\/types\/page"}],"author":[{"embeddable":true,"href":"https:\/\/blog.lastsword.com\/es\/wp-json\/wp\/v2\/users\/1"}],"replies":[{"embeddable":true,"href":"https:\/\/blog.lastsword.com\/es\/wp-json\/wp\/v2\/comments?post=55217"}],"version-history":[{"count":2,"href":"https:\/\/blog.lastsword.com\/es\/wp-json\/wp\/v2\/pages\/55217\/revisions"}],"predecessor-version":[{"id":55237,"href":"https:\/\/blog.lastsword.com\/es\/wp-json\/wp\/v2\/pages\/55217\/revisions\/55237"}],"wp:attachment":[{"href":"https:\/\/blog.lastsword.com\/es\/wp-json\/wp\/v2\/media?parent=55217"}],"curies":[{"name":"wp","href":"https:\/\/api.w.org\/{rel}","templated":true}]}}